{"id":975,"date":"2026-02-22T17:55:01","date_gmt":"2026-02-22T16:55:01","guid":{"rendered":"https:\/\/norlundsmontage.se\/home\/"},"modified":"2026-03-03T20:32:02","modified_gmt":"2026-03-03T19:32:02","slug":"hem","status":"publish","type":"page","link":"https:\/\/norlundsmontage.se\/","title":{"rendered":"Hem"},"content":{"rendered":"\t\t<div data-elementor-type=\"wp-page\" data-elementor-id=\"975\" class=\"elementor elementor-975\">\n\t\t\t\t<div class=\"elementor-element elementor-element-04c7683 e-flex e-con-boxed e-con e-parent\" data-id=\"04c7683\" data-element_type=\"container\" data-e-type=\"container\">\n\t\t\t\t\t<div class=\"e-con-inner\">\n\t\t\t\t<div class=\"elementor-element elementor-element-0f90049 elementor-widget elementor-widget-image\" data-id=\"0f90049\" data-element_type=\"widget\" data-e-type=\"widget\" data-widget_type=\"image.default\">\n\t\t\t\t<div class=\"elementor-widget-container\">\n\t\t\t\t\t\t\t\t\t\t\t\t\t\t\t<img decoding=\"async\" width=\"150\" height=\"150\" src=\"https:\/\/norlundsmontage.se\/wp-content\/uploads\/2026\/02\/cropped-1772048082784-14714e31-645a-4400-a471-be0d4e28e8be_1-150x150.png\" class=\"attachment-thumbnail size-thumbnail wp-image-1251\" alt=\"Rot takbyte Svets st\u00e5l montage K\u00f6k altaner bygg snickare\" srcset=\"https:\/\/norlundsmontage.se\/wp-content\/uploads\/2026\/02\/cropped-1772048082784-14714e31-645a-4400-a471-be0d4e28e8be_1-150x150.png 150w, https:\/\/norlundsmontage.se\/wp-content\/uploads\/2026\/02\/cropped-1772048082784-14714e31-645a-4400-a471-be0d4e28e8be_1-300x300.png 300w, https:\/\/norlundsmontage.se\/wp-content\/uploads\/2026\/02\/cropped-1772048082784-14714e31-645a-4400-a471-be0d4e28e8be_1-270x270.png 270w, https:\/\/norlundsmontage.se\/wp-content\/uploads\/2026\/02\/cropped-1772048082784-14714e31-645a-4400-a471-be0d4e28e8be_1-192x192.png 192w, https:\/\/norlundsmontage.se\/wp-content\/uploads\/2026\/02\/cropped-1772048082784-14714e31-645a-4400-a471-be0d4e28e8be_1-180x180.png 180w, https:\/\/norlundsmontage.se\/wp-content\/uploads\/2026\/02\/cropped-1772048082784-14714e31-645a-4400-a471-be0d4e28e8be_1-32x32.png 32w, https:\/\/norlundsmontage.se\/wp-content\/uploads\/2026\/02\/cropped-1772048082784-14714e31-645a-4400-a471-be0d4e28e8be_1.png 512w\" sizes=\"(max-width: 150px) 100vw, 150px\" title=\"Hem\">\t\t\t\t\t\t\t\t\t\t\t\t\t\t\t<\/div>\n\t\t\t\t<\/div>\n\t\t\t\t<div class=\"elementor-element elementor-element-56fceed elementor-widget-divider--view-line elementor-widget elementor-widget-divider\" data-id=\"56fceed\" data-element_type=\"widget\" data-e-type=\"widget\" data-widget_type=\"divider.default\">\n\t\t\t\t<div class=\"elementor-widget-container\">\n\t\t\t\t\t\t\t<div class=\"elementor-divider\">\n\t\t\t<span class=\"elementor-divider-separator\">\n\t\t\t\t\t\t<\/span>\n\t\t<\/div>\n\t\t\t\t\t\t<\/div>\n\t\t\t\t<\/div>\n\t\t\t\t<div class=\"elementor-element elementor-element-b2d9051 elementor-widget elementor-widget-heading\" data-id=\"b2d9051\" data-element_type=\"widget\" data-e-type=\"widget\" data-widget_type=\"heading.default\">\n\t\t\t\t<div class=\"elementor-widget-container\">\n\t\t\t\t\t<h2 class=\"elementor-heading-title elementor-size-default\">NorlundsMontage<\/h2>\t\t\t\t<\/div>\n\t\t\t\t<\/div>\n\t\t\t\t<div class=\"elementor-element elementor-element-d42ff87 elementor-widget elementor-widget-text-editor\" data-id=\"d42ff87\" data-element_type=\"widget\" data-e-type=\"widget\" data-widget_type=\"text-editor.default\">\n\t\t\t\t<div class=\"elementor-widget-container\">\n\t\t\t\t\t\t\t\t\t<p>Din vision, v\u00e5r l\u00f6sning!<\/p>\t\t\t\t\t\t\t\t<\/div>\n\t\t\t\t<\/div>\n\t\t\t\t\t<\/div>\n\t\t\t\t<\/div>\n\t\t<div class=\"elementor-element elementor-element-5f2102e e-con-full e-flex e-con e-parent\" data-id=\"5f2102e\" data-element_type=\"container\" data-e-type=\"container\">\n\t\t<div class=\"elementor-element elementor-element-1b51e65 e-con-full e-flex e-con e-child\" data-id=\"1b51e65\" data-element_type=\"container\" data-e-type=\"container\">\n\t\t\t\t<div class=\"elementor-element elementor-element-4012f2a elementor-widget elementor-widget-heading\" data-id=\"4012f2a\" data-element_type=\"widget\" data-e-type=\"widget\" data-widget_type=\"heading.default\">\n\t\t\t\t<div class=\"elementor-widget-container\">\n\t\t\t\t\t<h2 class=\"elementor-heading-title elementor-size-default\">Bygg, svets och montagetj\u00e4nster till privatpersoner och f\u00f6retag<\/h2>\t\t\t\t<\/div>\n\t\t\t\t<\/div>\n\t\t\t\t<\/div>\n\t\t<div class=\"elementor-element elementor-element-f3a1edf e-con-full e-flex e-con e-child\" data-id=\"f3a1edf\" data-element_type=\"container\" data-e-type=\"container\">\n\t\t\t\t<div class=\"elementor-element elementor-element-2d4046d elementor-widget elementor-widget-text-editor\" data-id=\"2d4046d\" data-element_type=\"widget\" data-e-type=\"widget\" data-widget_type=\"text-editor.default\">\n\t\t\t\t<div class=\"elementor-widget-container\">\n\t\t\t\t\t\t\t\t\t<p>NorlundsMontage \u00e4r ett hantverksf\u00f6retag med stor erfarenhet fr\u00e5n snickeri, st\u00e5l och montage.\u00a0<br \/>V\u00e5ra kunder \u00e4r b\u00e5de privatpersoner och f\u00f6retag.<\/p><p>Vi arbetar \u00f6ver stora delar av b\u00e5de norr och v\u00e4sterbotten.<\/p>\t\t\t\t\t\t\t\t<\/div>\n\t\t\t\t<\/div>\n\t\t\t\t<\/div>\n\t\t\t\t<\/div>\n\t\t<div class=\"elementor-element elementor-element-2b0ba01 e-flex e-con-boxed e-con e-parent\" data-id=\"2b0ba01\" data-element_type=\"container\" data-e-type=\"container\">\n\t\t\t\t\t<div class=\"e-con-inner\">\n\t\t<div class=\"elementor-element elementor-element-2826b59 e-con-full e-flex e-con e-child\" data-id=\"2826b59\" data-element_type=\"container\" data-e-type=\"container\">\n\t\t\t\t<div class=\"elementor-element elementor-element-43448a0 elementor-widget elementor-widget-heading\" data-id=\"43448a0\" data-element_type=\"widget\" data-e-type=\"widget\" data-widget_type=\"heading.default\">\n\t\t\t\t<div class=\"elementor-widget-container\">\n\t\t\t\t\t<h2 class=\"elementor-heading-title elementor-size-default\">V\u00e5ra tj\u00e4nster<\/h2>\t\t\t\t<\/div>\n\t\t\t\t<\/div>\n\t\t\t\t<div class=\"elementor-element elementor-element-f48259f elementor-widget elementor-widget-text-editor\" data-id=\"f48259f\" data-element_type=\"widget\" data-e-type=\"widget\" data-widget_type=\"text-editor.default\">\n\t\t\t\t<div class=\"elementor-widget-container\">\n\t\t\t\t\t\t\t\t\t<ul><li>Rot-jobb<\/li><li>K\u00f6ksmontage<\/li><li>Takmontage<\/li><li>Altaner<\/li><li>Smiden<\/li><li>St\u00e5lmontage<\/li><\/ul>\t\t\t\t\t\t\t\t<\/div>\n\t\t\t\t<\/div>\n\t\t\t\t<\/div>\n\t\t<div class=\"elementor-element elementor-element-f46c06b e-con-full e-flex e-con e-child\" data-id=\"f46c06b\" data-element_type=\"container\" data-e-type=\"container\">\n\t\t\t\t<div class=\"elementor-element elementor-element-32e14fd elementor-widget elementor-widget-wpforms\" data-id=\"32e14fd\" data-element_type=\"widget\" data-e-type=\"widget\" data-widget_type=\"wpforms.default\">\n\t\t\t\t<div class=\"elementor-widget-container\">\n\t\t\t\t\t<div class=\"wpforms-container \" id=\"wpforms-142\"><form id=\"wpforms-form-142\" class=\"wpforms-validate wpforms-form\" data-formid=\"142\" method=\"post\" enctype=\"multipart\/form-data\" action=\"\/index.php?rest_route=%2Fwp%2Fv2%2Fpages%2F975\" data-token=\"4bb13fe41befe00fe8c7a0cce3ada54b\" data-token-time=\"1776595162\"><noscript class=\"wpforms-error-noscript\">Aktivera JavaScript i din webbl\u00e4sare f\u00f6r att fylla i formul\u00e4ret.<\/noscript><div class=\"wpforms-field-container\"><div id=\"wpforms-142-field_0-container\" class=\"wpforms-field wpforms-field-name\" data-field-id=\"0\"><label class=\"wpforms-field-label wpforms-label-hide\" for=\"wpforms-142-field_0\">Namn <span class=\"wpforms-required-label\">*<\/span><\/label><input type=\"text\" id=\"wpforms-142-field_0\" class=\"wpforms-field-large wpforms-field-required\" name=\"wpforms[fields][0]\" placeholder=\"Namn\" required><\/div><div id=\"wpforms-142-field_1-container\" class=\"wpforms-field wpforms-field-email\" data-field-id=\"1\"><label class=\"wpforms-field-label wpforms-label-hide\" for=\"wpforms-142-field_1\">Email <span class=\"wpforms-required-label\">*<\/span><\/label><input type=\"email\" id=\"wpforms-142-field_1\" class=\"wpforms-field-large wpforms-field-required\" name=\"wpforms[fields][1]\" placeholder=\"Email-adress\" spellcheck=\"false\" required><\/div><div id=\"wpforms-142-field_3-container\" class=\"wpforms-field wpforms-field-text\" data-field-id=\"3\"><label class=\"wpforms-field-label wpforms-label-hide\" for=\"wpforms-142-field_3\">Telefonnummer <span class=\"wpforms-required-label\">*<\/span><\/label><input type=\"text\" id=\"wpforms-142-field_3\" class=\"wpforms-field-large wpforms-field-required\" name=\"wpforms[fields][3]\" placeholder=\"Telefonnummer vi kan n\u00e5 dig p\u00e5\" required><\/div><div id=\"wpforms-142-field_5-container\" class=\"wpforms-field wpforms-field-text\" data-field-id=\"5\"><label class=\"wpforms-field-label wpforms-label-hide\" for=\"wpforms-142-field_5\">\u00c4mne <span class=\"wpforms-required-label\">*<\/span><\/label><input type=\"text\" id=\"wpforms-142-field_5\" class=\"wpforms-field-large wpforms-field-required\" name=\"wpforms[fields][5]\" placeholder=\"\u00c4mne\" required><\/div>\t\t<div id=\"wpforms-142-field_4-container\"\n\t\t\tclass=\"wpforms-field wpforms-field-text\"\n\t\t\tdata-field-type=\"text\"\n\t\t\tdata-field-id=\"4\"\n\t\t\t>\n\t\t\t<label class=\"wpforms-field-label\" for=\"wpforms-142-field_4\" >eller beskrivning Email<\/label>\n\t\t\t<input type=\"text\" id=\"wpforms-142-field_4\" class=\"wpforms-field-medium\" name=\"wpforms[fields][4]\" >\n\t\t<\/div>\n\t\t<div id=\"wpforms-142-field_2-container\" class=\"wpforms-field wpforms-field-textarea\" data-field-id=\"2\"><label class=\"wpforms-field-label wpforms-label-hide\" for=\"wpforms-142-field_2\">Meddelande eller beskrivning <span class=\"wpforms-required-label\">*<\/span><\/label><textarea id=\"wpforms-142-field_2\" class=\"wpforms-field-medium wpforms-field-required\" name=\"wpforms[fields][2]\" placeholder=\"Meddelande\" required><\/textarea><\/div><script>\n\t\t\t\t( function() {\n\t\t\t\t\tconst style = document.createElement( 'style' );\n\t\t\t\t\tstyle.appendChild( document.createTextNode( '#wpforms-142-field_4-container { position: absolute !important; overflow: hidden !important; display: inline !important; height: 1px !important; width: 1px !important; z-index: -1000 !important; padding: 0 !important; } #wpforms-142-field_4-container input { visibility: hidden; } #wpforms-conversational-form-page #wpforms-142-field_4-container label { counter-increment: none; }' ) );\n\t\t\t\t\tdocument.head.appendChild( style );\n\t\t\t\t\tdocument.currentScript?.remove();\n\t\t\t\t} )();\n\t\t\t<\/script><\/div><!-- .wpforms-field-container --><div class=\"wpforms-submit-container\" ><input type=\"hidden\" name=\"wpforms[id]\" value=\"142\"><input type=\"hidden\" name=\"page_title\" value=\"\"><input type=\"hidden\" name=\"page_url\" value=\"https:\/\/norlundsmontage.se\/index.php?rest_route=\/wp\/v2\/pages\/975\"><input type=\"hidden\" name=\"url_referer\" value=\"\"><button type=\"submit\" name=\"wpforms[submit]\" id=\"wpforms-submit-142\" class=\"wpforms-submit\" data-alt-text=\"Skickar...\" data-submit-text=\"Skicka offertf\u00f6rfr\u00e5gan\" aria-live=\"assertive\" value=\"wpforms-submit\">Skicka offertf\u00f6rfr\u00e5gan<\/button><\/div><\/form><\/div>  <!-- .wpforms-container -->\t\t\t\t<\/div>\n\t\t\t\t<\/div>\n\t\t\t\t<\/div>\n\t\t\t\t\t<\/div>\n\t\t\t\t<\/div>\n\t\t\t\t<\/div>\n\t\t","protected":false},"excerpt":{"rendered":"<p>NorlundsMontage Din vision, v\u00e5r l\u00f6sning! Bygg, svets och montagetj\u00e4nster till privatpersoner och f\u00f6retag NorlundsMontage \u00e4r ett hantverksf\u00f6retag med stor erfarenhet fr\u00e5n snickeri, st\u00e5l och montage.\u00a0V\u00e5ra kunder \u00e4r b\u00e5de privatpersoner och f\u00f6retag. Vi arbetar \u00f6ver stora delar av b\u00e5de norr och v\u00e4sterbotten. V\u00e5ra tj\u00e4nster Rot-jobb K\u00f6ksmontage Takmontage Altaner Smiden St\u00e5lmontage Aktivera JavaScript i din webbl\u00e4sare f\u00f6r [&hellip;]<\/p>\n","protected":false},"author":1,"featured_media":0,"parent":0,"menu_order":0,"comment_status":"closed","ping_status":"closed","template":"","meta":{"site-sidebar-layout":"default","site-content-layout":"page-builder","ast-site-content-layout":"full-width-container","site-content-style":"unboxed","site-sidebar-style":"unboxed","ast-global-header-display":"","ast-banner-title-visibility":"","ast-main-header-display":"","ast-hfb-above-header-display":"","ast-hfb-below-header-display":"","ast-hfb-mobile-header-display":"","site-post-title":"disabled","ast-breadcrumbs-content":"","ast-featured-img":"disabled","footer-sml-layout":"","ast-disable-related-posts":"","theme-transparent-header-meta":"enabled","adv-header-id-meta":"","stick-header-meta":"","header-above-stick-meta":"","header-main-stick-meta":"","header-below-stick-meta":"","astra-migrate-meta-layouts":"set","ast-page-background-enabled":"default","ast-page-background-meta":{"desktop":{"background-color":"","background-image":"","background-repeat":"repeat","background-position":"center center","background-size":"auto","background-attachment":"scroll","background-type":"","background-media":"","overlay-type":"","overlay-color":"","overlay-opacity":"","overlay-gradient":""},"tablet":{"background-color":"","background-image":"","background-repeat":"repeat","background-position":"center center","background-size":"auto","background-attachment":"scroll","background-type":"","background-media":"","overlay-type":"","overlay-color":"","overlay-opacity":"","overlay-gradient":""},"mobile":{"background-color":"","background-image":"","background-repeat":"repeat","background-position":"center center","background-size":"auto","background-attachment":"scroll","background-type":"","background-media":"","overlay-type":"","overlay-color":"","overlay-opacity":"","overlay-gradient":""}},"ast-content-background-meta":{"desktop":{"background-color":"var(--ast-global-color-4)","background-image":"","background-repeat":"repeat","background-position":"center center","background-size":"auto","background-attachment":"scroll","background-type":"","background-media":"","overlay-type":"","overlay-color":"","overlay-opacity":"","overlay-gradient":""},"tablet":{"background-color":"var(--ast-global-color-4)","background-image":"","background-repeat":"repeat","background-position":"center center","background-size":"auto","background-attachment":"scroll","background-type":"","background-media":"","overlay-type":"","overlay-color":"","overlay-opacity":"","overlay-gradient":""},"mobile":{"background-color":"var(--ast-global-color-4)","background-image":"","background-repeat":"repeat","background-position":"center center","background-size":"auto","background-attachment":"scroll","background-type":"","background-media":"","overlay-type":"","overlay-color":"","overlay-opacity":"","overlay-gradient":""}},"footnotes":""},"class_list":["post-975","page","type-page","status-publish","hentry"],"_links":{"self":[{"href":"https:\/\/norlundsmontage.se\/index.php?rest_route=\/wp\/v2\/pages\/975","targetHints":{"allow":["GET"]}}],"collection":[{"href":"https:\/\/norlundsmontage.se\/index.php?rest_route=\/wp\/v2\/pages"}],"about":[{"href":"https:\/\/norlundsmontage.se\/index.php?rest_route=\/wp\/v2\/types\/page"}],"author":[{"embeddable":true,"href":"https:\/\/norlundsmontage.se\/index.php?rest_route=\/wp\/v2\/users\/1"}],"replies":[{"embeddable":true,"href":"https:\/\/norlundsmontage.se\/index.php?rest_route=%2Fwp%2Fv2%2Fcomments&post=975"}],"version-history":[{"count":35,"href":"https:\/\/norlundsmontage.se\/index.php?rest_route=\/wp\/v2\/pages\/975\/revisions"}],"predecessor-version":[{"id":1268,"href":"https:\/\/norlundsmontage.se\/index.php?rest_route=\/wp\/v2\/pages\/975\/revisions\/1268"}],"wp:attachment":[{"href":"https:\/\/norlundsmontage.se\/index.php?rest_route=%2Fwp%2Fv2%2Fmedia&parent=975"}],"curies":[{"name":"wp","href":"https:\/\/api.w.org\/{rel}","templated":true}]}}